{"id":6148,"date":"2026-04-23T21:09:46","date_gmt":"2026-04-24T02:09:46","guid":{"rendered":"https:\/\/colombiacricket.com\/?page_id=6148"},"modified":"2026-04-23T21:10:51","modified_gmt":"2026-04-24T02:10:51","slug":"our-history","status":"publish","type":"page","link":"https:\/\/colombiacricket.com\/es\/our-history\/","title":{"rendered":"Our History"},"content":{"rendered":"<div data-elementor-type=\"wp-page\" data-elementor-id=\"6148\" class=\"elementor elementor-6148\">\n\t\t\t\t\t\t<section class=\"elementor-section elementor-top-section elementor-element elementor-element-0957422 elementor-section-boxed elementor-section-height-default elementor-section-height-default\" data-id=\"0957422\" data-element_type=\"section\" data-e-type=\"section\">\n\t\t\t\t\t\t<div class=\"elementor-container elementor-column-gap-no\">\n\t\t\t\t\t<div class=\"elementor-column elementor-col-100 elementor-top-column elementor-element elementor-element-31bc535\" data-id=\"31bc535\" data-element_type=\"column\" data-e-type=\"column\">\n\t\t\t<div class=\"elementor-widget-wrap elementor-element-populated\">\n\t\t\t\t\t\t<div class=\"elementor-element elementor-element-37499f1 elementor-widget elementor-widget-spoclub_elementor_heading\" data-id=\"37499f1\" data-element_type=\"widget\" data-e-type=\"widget\" data-widget_type=\"spoclub_elementor_heading.default\">\n\t\t\t\t<div class=\"elementor-widget-container\">\n\t\t\t\t\t\r\n\t\t<div class=\"ova-title\">\r\n\r\n\t\t\t\r\n\t\t\t\r\n\t\t\t\t\t\r\n\t\t\t\t\t\t\t<h2 class=\"title\">NUESTRA HISTORIA<\/h2>\r\n\r\n\t\t\t\t\t\r\n\t\t\t\r\n\t\t\t\t\t\t\t<div class=\"line-box\">\r\n\t\t\t\t\t<div class=\"line-top\"><\/div>\r\n\t\t\t\t<\/div>\r\n\t\t\t\t\r\n\t\t\t\r\n\t\t<\/div>\r\n\r\n\t\t\t\t\t\t<\/div>\n\t\t\t\t<\/div>\n\t\t\t\t<div class=\"elementor-element elementor-element-be95793 elementor-widget elementor-widget-text-editor\" data-id=\"be95793\" data-element_type=\"widget\" data-e-type=\"widget\" data-widget_type=\"text-editor.default\">\n\t\t\t\t<div class=\"elementor-widget-container\">\n\t\t\t\t\t\t\t\t\t<p>El cricket en Colombia cuenta con una historia sorprendentemente rica y vibrante, que se remonta a m\u00e1s de un siglo. Desde los primeros partidos documentados hasta el resurgimiento actual, el deporte se ha entrelazado con el tejido del deporte colombiano, creando un legado \u00fanico y duradero.<\/p><h3>Los Primeros A\u00f1os: Desde finales del siglo XIX hasta mediados del siglo XX<\/h3><p>Aunque los registros indican que se jugaba cricket desde principios de <b>1897<\/b>, se encuentran informes m\u00e1s consistentes desde principios del siglo XX, con partidos en el La Magdalena Jockey Club en <b>1905, 1907, and 1909<\/b>. Estos primeros encuentros sentaron las bases de lo que se convertir\u00eda en una presencia m\u00e1s formalizada. Un momento clave lleg\u00f3 el <b>May 20, 1955<\/b>, con la creaci\u00f3n de la <b>Bogot\u00e1 Cricket Club<\/b>. Fundado por el ingl\u00e9s Reginald Brand y el indio Rishiraj Patel, este club es el antecesor directo del actual <b>Bogot\u00e1 Sports Club (BSC)<\/b>, que orgullosamente recibi\u00f3 el regreso del cricket a sus canchas en 2025.<\/p><p>La rivalidad entre los equipos de Bogot\u00e1 y Cali surgi\u00f3 r\u00e1pidamente, con el primer partido registrado en <b>December 1957<\/b>, con la participaci\u00f3n de representantes de la compa\u00f1\u00eda Shell de Colombia. Estos partidos dieron inicio a la prestigiosa serie \u201cH.E.\u2019s Bat\u201d, un premio generosamente donado por el Embajador Brit\u00e1nico, Sir James Joint. Esta tradici\u00f3n continu\u00f3, y la Copa del Embajador se disput\u00f3 con entusiasmo hasta los a\u00f1os 2000 y en a\u00f1os recientes, destacando las rivalidades interurbanas en curso. M\u00e1s all\u00e1 de los torneos nacionales, el cricket colombiano comenz\u00f3 a expandirse internacionalmente. El <b>Bogot\u00e1 Cricket Club<\/b> enfrent\u00f3 a su primer oponente internacional en <b>February 1958<\/b> contra <b>Maracaibo (Shell)<\/b>, una serie que se mantuvo activa hasta 1961.<\/p><p>In <b>1961<\/b>, el Bogot\u00e1 Cricket Club se fusion\u00f3 oficialmente con el m\u00e1s amplio <b>Bogot\u00e1 Sports Club<\/b>, consolidando recursos y esfuerzos para seguir desarrollando el juego.<\/p><h3>Una \u00e9poca dorada: Encuentros internacionales y figuras destacadas (d\u00e9cadas de 1960 y 1970)<\/h3><p>Las d\u00e9cadas de 1960 y 1970 marcaron un per\u00edodo significativo para el cr\u00edquet colombiano, con numerosos equipos internacionales de gira y jugadores de renombre en las canchas colombianas. Colombia tambi\u00e9n recibi\u00f3 a otros equipos notables, como el Caracas (con el exjugador de cr\u00edquet de las Indias Occidentales, Tony White), los Banks, el BEA Silver Wing Club, el California Cricket Club y los Quidnuncs. Un momento destacado fue la visita de febrero de 1979 de <b>Derrick Robins&#8217; XI<\/b>Un equipo formidable al que el Bogot\u00e1 Sports Club (con Tony White como protagonista) logr\u00f3 eliminar con 184 carreras. Esto demostr\u00f3 la calidad del cr\u00edquet colombiano, con Norman Bracht ganando 5-74 y Tony White 3-70. Las d\u00e9cadas de 1980 y 1990 vieron un declive en la actividad del cr\u00edquet, principalmente debido a la reducci\u00f3n del n\u00famero de trabajadores expatriados, quienes constitu\u00edan una parte significativa de la comunidad cr\u00edquet.<\/p>\t\t\t\t\t\t\t\t<\/div>\n\t\t\t\t<\/div>\n\t\t\t\t<div class=\"elementor-element elementor-element-1e3a015 elementor-arrows-position-outside elementor-pagination-position-outside elementor-widget elementor-widget-image-carousel\" data-id=\"1e3a015\" data-element_type=\"widget\" data-e-type=\"widget\" data-settings=\"{&quot;slides_to_show&quot;:&quot;2&quot;,&quot;lazyload&quot;:&quot;yes&quot;,&quot;autoplay_speed&quot;:3000,&quot;navigation&quot;:&quot;both&quot;,&quot;autoplay&quot;:&quot;yes&quot;,&quot;pause_on_hover&quot;:&quot;yes&quot;,&quot;pause_on_interaction&quot;:&quot;yes&quot;,&quot;infinite&quot;:&quot;yes&quot;,&quot;speed&quot;:500,&quot;image_spacing_custom&quot;:{&quot;unit&quot;:&quot;px&quot;,&quot;size&quot;:20,&quot;sizes&quot;:[]},&quot;image_spacing_custom_tablet&quot;:{&quot;unit&quot;:&quot;px&quot;,&quot;size&quot;:&quot;&quot;,&quot;sizes&quot;:[]},&quot;image_spacing_custom_mobile&quot;:{&quot;unit&quot;:&quot;px&quot;,&quot;size&quot;:&quot;&quot;,&quot;sizes&quot;:[]}}\" data-widget_type=\"image-carousel.default\">\n\t\t\t\t<div class=\"elementor-widget-container\">\n\t\t\t\t\t\t\t<div class=\"elementor-image-carousel-wrapper swiper\" role=\"region\" aria-roledescription=\"carousel\" aria-label=\"Image Carousel\" dir=\"ltr\">\n\t\t\t<div class=\"elementor-image-carousel swiper-wrapper swiper-image-stretch\" aria-live=\"off\">\n\t\t\t\t\t\t\t\t<div class=\"swiper-slide\" role=\"group\" aria-roledescription=\"slide\" aria-label=\"1 of 5\"><figure class=\"swiper-slide-inner\"><img class=\"swiper-slide-image swiper-lazy\" data-src=\"https:\/\/staging.colombiacricket.com\/wp-content\/uploads\/2025\/07\/History1.jpg\" alt=\"Bogota v Lima \u2013 1965\" \/><div class=\"swiper-lazy-preloader\"><\/div><figcaption class=\"elementor-image-carousel-caption\">Bogota v Lima \u2013 1965<\/figcaption><\/figure><\/div><div class=\"swiper-slide\" role=\"group\" aria-roledescription=\"slide\" aria-label=\"2 of 5\"><figure class=\"swiper-slide-inner\"><img class=\"swiper-slide-image swiper-lazy\" data-src=\"https:\/\/staging.colombiacricket.com\/wp-content\/uploads\/2025\/07\/History2.jpg\" alt=\"Bogota v Medellin \u2013 1967\" \/><div class=\"swiper-lazy-preloader\"><\/div><figcaption class=\"elementor-image-carousel-caption\">Bogota v Medellin \u2013 1967<\/figcaption><\/figure><\/div><div class=\"swiper-slide\" role=\"group\" aria-roledescription=\"slide\" aria-label=\"3 of 5\"><figure class=\"swiper-slide-inner\"><img class=\"swiper-slide-image swiper-lazy\" data-src=\"https:\/\/staging.colombiacricket.com\/wp-content\/uploads\/2025\/07\/History3.jpg\" alt=\"New Zealand ambassadors v Colombia \u2013 1970\" \/><div class=\"swiper-lazy-preloader\"><\/div><figcaption class=\"elementor-image-carousel-caption\">New Zealand ambassadors v Colombia \u2013 1970<\/figcaption><\/figure><\/div><div class=\"swiper-slide\" role=\"group\" aria-roledescription=\"slide\" aria-label=\"4 of 5\"><figure class=\"swiper-slide-inner\"><img class=\"swiper-slide-image swiper-lazy\" data-src=\"https:\/\/staging.colombiacricket.com\/wp-content\/uploads\/2025\/07\/History4.jpg\" alt=\"Caracas v Bogota \u2013 1976\" \/><div class=\"swiper-lazy-preloader\"><\/div><figcaption class=\"elementor-image-carousel-caption\">Caracas v Bogota \u2013 1976<\/figcaption><\/figure><\/div><div class=\"swiper-slide\" role=\"group\" aria-roledescription=\"slide\" aria-label=\"5 of 5\"><figure class=\"swiper-slide-inner\"><img class=\"swiper-slide-image swiper-lazy\" data-src=\"https:\/\/staging.colombiacricket.com\/wp-content\/uploads\/2025\/07\/History5.jpg\" alt=\"Curacao tournament 1971 \u2013 Bogota vs Caracas\" \/><div class=\"swiper-lazy-preloader\"><\/div><figcaption class=\"elementor-image-carousel-caption\">Curacao tournament 1971 \u2013 Bogota vs Caracas<\/figcaption><\/figure><\/div>\t\t\t<\/div>\n\t\t\t\t\t\t\t\t\t\t\t\t<div class=\"elementor-swiper-button elementor-swiper-button-prev\" role=\"button\" tabindex=\"0\">\n\t\t\t\t\t\t<svg aria-hidden=\"true\" class=\"e-font-icon-svg e-eicon-chevron-left\" viewbox=\"0 0 1000 1000\" xmlns=\"http:\/\/www.w3.org\/2000\/svg\"><path d=\"M646 125C629 125 613 133 604 142L308 442C296 454 292 471 292 487 292 504 296 521 308 533L604 854C617 867 629 875 646 875 663 875 679 871 692 858 704 846 713 829 713 812 713 796 708 779 692 767L438 487 692 225C700 217 708 204 708 187 708 171 704 154 692 142 675 129 663 125 646 125Z\"><\/path><\/svg>\t\t\t\t\t<\/div>\n\t\t\t\t\t<div class=\"elementor-swiper-button elementor-swiper-button-next\" role=\"button\" tabindex=\"0\">\n\t\t\t\t\t\t<svg aria-hidden=\"true\" class=\"e-font-icon-svg e-eicon-chevron-right\" viewbox=\"0 0 1000 1000\" xmlns=\"http:\/\/www.w3.org\/2000\/svg\"><path d=\"M696 533C708 521 713 504 713 487 713 471 708 454 696 446L400 146C388 133 375 125 354 125 338 125 325 129 313 142 300 154 292 171 292 187 292 204 296 221 308 233L563 492 304 771C292 783 288 800 288 817 288 833 296 850 308 863 321 871 338 875 354 875 371 875 388 867 400 854L696 533Z\"><\/path><\/svg>\t\t\t\t\t<\/div>\n\t\t\t\t\n\t\t\t\t\t\t\t\t\t<div class=\"swiper-pagination\"><\/div>\n\t\t\t\t\t\t\t\t\t<\/div>\n\t\t\t\t\t\t<\/div>\n\t\t\t\t<\/div>\n\t\t<div class=\"elementor-element elementor-element-6ad6619 e-grid elementor-hidden-desktop elementor-hidden-tablet elementor-hidden-mobile e-con-boxed e-con e-parent\" data-id=\"6ad6619\" data-element_type=\"container\" data-e-type=\"container\">\n\t\t\t\t\t<div class=\"e-con-inner\">\n\t\t\t\t<div class=\"elementor-element elementor-element-76a4292 elementor-position-top elementor-widget elementor-widget-image-box\" data-id=\"76a4292\" data-element_type=\"widget\" data-e-type=\"widget\" data-widget_type=\"image-box.default\">\n\t\t\t\t<div class=\"elementor-widget-container\">\n\t\t\t\t\t<div class=\"elementor-image-box-wrapper\"><figure class=\"elementor-image-box-img\"><img fetchpriority=\"high\" decoding=\"async\" width=\"705\" height=\"653\" src=\"https:\/\/staging.colombiacricket.com\/wp-content\/uploads\/2025\/07\/History1.jpg\" class=\"attachment-full size-full wp-image-5223\" alt=\"\" srcset=\"https:\/\/staging.colombiacricket.com\/wp-content\/uploads\/2025\/07\/History1.jpg 705w, https:\/\/staging.colombiacricket.com\/wp-content\/uploads\/2025\/07\/History1-300x278.jpg 300w, https:\/\/staging.colombiacricket.com\/wp-content\/uploads\/2025\/07\/History1-128x119.jpg 128w, https:\/\/staging.colombiacricket.com\/wp-content\/uploads\/2025\/07\/History1-32x30.jpg 32w, https:\/\/staging.colombiacricket.com\/wp-content\/uploads\/2025\/07\/History1-360x333.jpg 360w, https:\/\/staging.colombiacricket.com\/wp-content\/uploads\/2025\/07\/History1-640x593.jpg 640w, https:\/\/staging.colombiacricket.com\/wp-content\/uploads\/2025\/07\/History1-370x343.jpg 370w\" sizes=\"(max-width: 767px) 100vw, 705px\" \/><\/figure><div class=\"elementor-image-box-content\"><h3 class=\"elementor-image-box-title\">Bogota v Lima \u2013 1965\u200b<\/h3><p class=\"elementor-image-box-description\">A match between LIMA C.C. vs B.S.C. took place, further demonstrating Colombia's engagement with regional cricket.<\/p><\/div><\/div>\t\t\t\t<\/div>\n\t\t\t\t<\/div>\n\t\t\t\t<div class=\"elementor-element elementor-element-3382204 elementor-position-top elementor-widget elementor-widget-image-box\" data-id=\"3382204\" data-element_type=\"widget\" data-e-type=\"widget\" data-widget_type=\"image-box.default\">\n\t\t\t\t<div class=\"elementor-widget-container\">\n\t\t\t\t\t<div class=\"elementor-image-box-wrapper\"><figure class=\"elementor-image-box-img\"><img decoding=\"async\" width=\"466\" height=\"386\" src=\"https:\/\/staging.colombiacricket.com\/wp-content\/uploads\/2025\/07\/History2.jpg\" class=\"attachment-full size-full wp-image-5224\" alt=\"\" srcset=\"https:\/\/staging.colombiacricket.com\/wp-content\/uploads\/2025\/07\/History2.jpg 466w, https:\/\/staging.colombiacricket.com\/wp-content\/uploads\/2025\/07\/History2-300x248.jpg 300w, https:\/\/staging.colombiacricket.com\/wp-content\/uploads\/2025\/07\/History2-128x106.jpg 128w, https:\/\/staging.colombiacricket.com\/wp-content\/uploads\/2025\/07\/History2-32x27.jpg 32w, https:\/\/staging.colombiacricket.com\/wp-content\/uploads\/2025\/07\/History2-360x298.jpg 360w, https:\/\/staging.colombiacricket.com\/wp-content\/uploads\/2025\/07\/History2-370x306.jpg 370w\" sizes=\"(max-width: 767px) 100vw, 466px\" \/><\/figure><div class=\"elementor-image-box-content\"><h3 class=\"elementor-image-box-title\">Bogota v Medellin \u2013 1967<\/h3><p class=\"elementor-image-box-description\">The Bogot\u00e1 Sports Club team posed for a photo in Medell\u00edn, showcasing the strong, established team that was active during this era.<\/p><\/div><\/div>\t\t\t\t<\/div>\n\t\t\t\t<\/div>\n\t\t\t\t<div class=\"elementor-element elementor-element-1776597 elementor-position-top elementor-widget elementor-widget-image-box\" data-id=\"1776597\" data-element_type=\"widget\" data-e-type=\"widget\" data-widget_type=\"image-box.default\">\n\t\t\t\t<div class=\"elementor-widget-container\">\n\t\t\t\t\t<div class=\"elementor-image-box-wrapper\"><figure class=\"elementor-image-box-img\"><img decoding=\"async\" width=\"669\" height=\"568\" src=\"https:\/\/staging.colombiacricket.com\/wp-content\/uploads\/2025\/07\/History3.jpg\" class=\"attachment-full size-full wp-image-5225\" alt=\"\" srcset=\"https:\/\/staging.colombiacricket.com\/wp-content\/uploads\/2025\/07\/History3.jpg 669w, https:\/\/staging.colombiacricket.com\/wp-content\/uploads\/2025\/07\/History3-300x255.jpg 300w, https:\/\/staging.colombiacricket.com\/wp-content\/uploads\/2025\/07\/History3-128x109.jpg 128w, https:\/\/staging.colombiacricket.com\/wp-content\/uploads\/2025\/07\/History3-32x27.jpg 32w, https:\/\/staging.colombiacricket.com\/wp-content\/uploads\/2025\/07\/History3-360x306.jpg 360w, https:\/\/staging.colombiacricket.com\/wp-content\/uploads\/2025\/07\/History3-640x543.jpg 640w, https:\/\/staging.colombiacricket.com\/wp-content\/uploads\/2025\/07\/History3-370x314.jpg 370w\" sizes=\"(max-width: 767px) 100vw, 669px\" \/><\/figure><div class=\"elementor-image-box-content\"><h3 class=\"elementor-image-box-title\">New Zealand ambassadors v Colombia \u2013 1970<\/h3><p class=\"elementor-image-box-description\">The New Zealand Ambassador's team visited the BSC, featuring future internationals J.F.M. Morrison and A. Roberts. The match was a close affair, nearly ending in a New Zealand defeat.<\/p><\/div><\/div>\t\t\t\t<\/div>\n\t\t\t\t<\/div>\n\t\t\t\t<div class=\"elementor-element elementor-element-017ad1e elementor-position-top elementor-widget elementor-widget-image-box\" data-id=\"017ad1e\" data-element_type=\"widget\" data-e-type=\"widget\" data-widget_type=\"image-box.default\">\n\t\t\t\t<div class=\"elementor-widget-container\">\n\t\t\t\t\t<div class=\"elementor-image-box-wrapper\"><figure class=\"elementor-image-box-img\"><img loading=\"lazy\" decoding=\"async\" width=\"669\" height=\"617\" src=\"https:\/\/staging.colombiacricket.com\/wp-content\/uploads\/2025\/07\/History5.jpg\" class=\"attachment-full size-full wp-image-5227\" alt=\"\" srcset=\"https:\/\/staging.colombiacricket.com\/wp-content\/uploads\/2025\/07\/History5.jpg 669w, https:\/\/staging.colombiacricket.com\/wp-content\/uploads\/2025\/07\/History5-300x277.jpg 300w, https:\/\/staging.colombiacricket.com\/wp-content\/uploads\/2025\/07\/History5-128x118.jpg 128w, https:\/\/staging.colombiacricket.com\/wp-content\/uploads\/2025\/07\/History5-32x30.jpg 32w, https:\/\/staging.colombiacricket.com\/wp-content\/uploads\/2025\/07\/History5-360x332.jpg 360w, https:\/\/staging.colombiacricket.com\/wp-content\/uploads\/2025\/07\/History5-640x590.jpg 640w, https:\/\/staging.colombiacricket.com\/wp-content\/uploads\/2025\/07\/History5-370x341.jpg 370w\" sizes=\"(max-width: 767px) 100vw, 669px\" \/><\/figure><div class=\"elementor-image-box-content\"><h3 class=\"elementor-image-box-title\">Curacao tournament 1971 \u2013 Bogota vs Caracas.<\/h3><p class=\"elementor-image-box-description\">The BSC toured Cura\u00e7ao, facing Caracas C.C. and Asiento C.C. This international exposure was crucial for the development of local talent.<\/p><\/div><\/div>\t\t\t\t<\/div>\n\t\t\t\t<\/div>\n\t\t\t\t<div class=\"elementor-element elementor-element-2a15637 elementor-position-top elementor-widget elementor-widget-image-box\" data-id=\"2a15637\" data-element_type=\"widget\" data-e-type=\"widget\" data-widget_type=\"image-box.default\">\n\t\t\t\t<div class=\"elementor-widget-container\">\n\t\t\t\t\t<div class=\"elementor-image-box-wrapper\"><figure class=\"elementor-image-box-img\"><img loading=\"lazy\" decoding=\"async\" width=\"696\" height=\"595\" src=\"https:\/\/staging.colombiacricket.com\/wp-content\/uploads\/2025\/07\/History4.jpg\" class=\"attachment-full size-full wp-image-5226\" alt=\"\" srcset=\"https:\/\/staging.colombiacricket.com\/wp-content\/uploads\/2025\/07\/History4.jpg 696w, https:\/\/staging.colombiacricket.com\/wp-content\/uploads\/2025\/07\/History4-300x256.jpg 300w, https:\/\/staging.colombiacricket.com\/wp-content\/uploads\/2025\/07\/History4-128x109.jpg 128w, https:\/\/staging.colombiacricket.com\/wp-content\/uploads\/2025\/07\/History4-32x27.jpg 32w, https:\/\/staging.colombiacricket.com\/wp-content\/uploads\/2025\/07\/History4-360x308.jpg 360w, https:\/\/staging.colombiacricket.com\/wp-content\/uploads\/2025\/07\/History4-640x547.jpg 640w, https:\/\/staging.colombiacricket.com\/wp-content\/uploads\/2025\/07\/History4-370x316.jpg 370w\" sizes=\"(max-width: 767px) 100vw, 696px\" \/><\/figure><div class=\"elementor-image-box-content\"><h3 class=\"elementor-image-box-title\">Caracas v Bogota \u2013 1976<\/h3><p class=\"elementor-image-box-description\">The Caracas C.C. vs B.S.C. match in Bogot\u00e1, where Caracas scored 247 for 4. The photo captures a moment of camaraderie and competition between these regional rivals.<\/p><\/div><\/div>\t\t\t\t<\/div>\n\t\t\t\t<\/div>\n\t\t\t\t\t<\/div>\n\t\t\t\t<\/div>\n\t\t\t\t<div class=\"elementor-element elementor-element-24f6514 elementor-widget elementor-widget-text-editor\" data-id=\"24f6514\" data-element_type=\"widget\" data-e-type=\"widget\" data-widget_type=\"text-editor.default\">\n\t\t\t\t<div class=\"elementor-widget-container\">\n\t\t\t\t\t\t\t\t\t<p><span style=\"color: #0e1e32; font-family: var(--secondary-font); font-size: 1.5157em; font-weight: bold; letter-spacing: var(--letter-spacing);\">El nuevo milenio: Resurgimiento y Formalizaci\u00f3n<\/span><\/p><p class=\"p1\">El cambio de milenio marc\u00f3 una revitalizaci\u00f3n del cr\u00edquet en Colombia, impulsada por un auge de pasi\u00f3n y compromiso. En diciembre de 2000, un partido amistoso entre los profesores del Colegio Anglo Colombiano y el Club Deportivo Bogot\u00e1 marc\u00f3 el inicio de esta nueva era, celebrado en la reci\u00e9n inaugurada sede del club en la v\u00eda Cota-Suba. El impulso continu\u00f3 en mayo de 2001, cuando un equipo visitante de Panam\u00e1 jug\u00f3 una serie de dos partidos en Bogot\u00e1, logrando victorias sobre un equipo del Club Deportivo Bogot\u00e1 que representaba informalmente a Colombia. Al a\u00f1o siguiente, en marzo de 2002, el cr\u00edquet interurbano experiment\u00f3 un resurgimiento significativo con el regreso de la Copa del Embajador, cuando Bogot\u00e1 viaj\u00f3 a Cali para una serie de dos partidos en el Colegio Colombo-Brit\u00e1nico, atrayendo a grandes multitudes y generando entusiasmo. En abril de 2010, la selecci\u00f3n masculina de cr\u00edquet de Colombia debut\u00f3 oficialmente a nivel internacional en una serie de dos partidos contra Costa Rica en el Bogot\u00e1 Sports Club, que termin\u00f3 con un empate 1-1 y present\u00f3 a jugadores destacados como Andy Farrington, Camilo Fonseca, Andrew Wright y Sebastian Lonsdale. El esp\u00edritu competitivo entre ciudades continu\u00f3 en mayo de 2011, cuando el Cali Cricket Club derrot\u00f3 al Bogot\u00e1 Sports Club por nueve wickets, y de nuevo en junio de 2012, cuando Bogot\u00e1 consigui\u00f3 una contundente victoria por 95 carreras sobre Cali, lo que reforz\u00f3 la intensidad de la rivalidad entre estos centros del cr\u00edquet.<\/p><h3>El auge del cr\u00edquet en Colombia: Junta Directiva Nacional y Presencia Internacional<\/h3><p>El creciente impulso condujo al establecimiento formal de la <b>Colombia Cricket Board<\/b> en <b>2014<\/b>. Esta asociaci\u00f3n sin personalidad jur\u00eddica se form\u00f3 para administrar el deporte a nivel nacional y supervisar a la selecci\u00f3n nacional. Representantes clave de los Clubes Deportivos de Bogot\u00e1, Cedritos y Cali se reunieron para sentar las bases de la gobernanza nacional.<\/p><ul><li><p><b>October 2014:<\/b> Colombia fue sede de su primer torneo internacional de cricket, el <b>Amazon Cup<\/b>, dando la bienvenida a Per\u00fa y Brasil. Esto marc\u00f3 un paso significativo en el establecimiento de Colombia como un centro regional de cr\u00edquet.<\/p><\/li><li><p><b>2015 onwards:<\/b> Colombia ha participado consistentemente en la <b>South American Cricket Championships (SACC)<\/b>, la principal competici\u00f3n regional, mejorando su posici\u00f3n a lo largo de los a\u00f1os y logrando como mejor resultado el tercer puesto en <b>2023<\/b>.<\/p><\/li><li><p><b>2018:<\/b> Colombia fue sede de las ediciones masculina y femenina del <b>Campeonato Sudamericano de Cricket<\/b> En Los Pinos, Bogot\u00e1. Cabe destacar que la edici\u00f3n femenina recibi\u00f3 por primera vez la categor\u00eda WT20I por parte de la ICC.<\/p><\/li><\/ul><h3>Mirando hacia el futuro: reconocimiento de la ICC y crecimiento futuro<\/h3><p>By <b>2025<\/b>, la condici\u00f3n de Colombia como pa\u00eds no miembro de la ICC en cr\u00edquet se est\u00e1 volviendo cada vez m\u00e1s inusual, dado su s\u00f3lido historial y su activa escena nacional. Los equipos colombianos han demostrado su fuerza al vencer a todos los miembros de la ICC en las regiones de Sudam\u00e9rica y Centroam\u00e9rica en m\u00faltiples ocasiones. Un logro monumental ocurri\u00f3 en <b>December 2024<\/b> cuando, despu\u00e9s de ocho a\u00f1os de intenso cabildeo, el <b>El Ministerio del Deporte de Colombia reconoci\u00f3 oficialmente el cr\u00edquet<\/b> como deporte en Colombia. Esta resoluci\u00f3n, que exige la creaci\u00f3n de una federaci\u00f3n, allana el camino para un mayor apoyo, infraestructura y, en \u00faltima instancia, la plena membres\u00eda en la ICC, lo que promete un futuro prometedor para el cr\u00edquet en Colombia.<\/p><p>La trayectoria del cr\u00edquet en Colombia es un testimonio de la pasi\u00f3n, la perseverancia y el atractivo universal del deporte. Desde sus ra\u00edces coloniales hasta su resurgimiento actual, el cr\u00edquet colombiano contin\u00faa creciendo, prometiendo un futuro emocionante tanto para jugadores como para aficionados.<\/p>\t\t\t\t\t\t\t\t<\/div>\n\t\t\t\t<\/div>\n\t\t\t\t\t<\/div>\n\t\t<\/div>\n\t\t\t\t\t<\/div>\n\t\t<\/section>\n\t\t\t\t<\/div>","protected":false},"excerpt":{"rendered":"<p>OUR HISTORY Cricket in Colombia boasts a surprisingly deep and vibrant history, stretching back well over a century. From early reported matches to the modern-day resurgence, the sport has woven itself into the fabric of Colombian sports, creating a unique and enduring legacy. The Early Days: From the Late 19th Century to Mid-20th Century While [&hellip;]<\/p>\n","protected":false},"author":1,"featured_media":0,"parent":0,"menu_order":0,"comment_status":"closed","ping_status":"closed","template":"elementor_header_footer","meta":{"footnotes":""},"class_list":["post-6148","page","type-page","status-publish","hentry"],"aioseo_notices":[],"_links":{"self":[{"href":"https:\/\/colombiacricket.com\/es\/wp-json\/wp\/v2\/pages\/6148","targetHints":{"allow":["GET"]}}],"collection":[{"href":"https:\/\/colombiacricket.com\/es\/wp-json\/wp\/v2\/pages"}],"about":[{"href":"https:\/\/colombiacricket.com\/es\/wp-json\/wp\/v2\/types\/page"}],"author":[{"embeddable":true,"href":"https:\/\/colombiacricket.com\/es\/wp-json\/wp\/v2\/users\/1"}],"replies":[{"embeddable":true,"href":"https:\/\/colombiacricket.com\/es\/wp-json\/wp\/v2\/comments?post=6148"}],"version-history":[{"count":4,"href":"https:\/\/colombiacricket.com\/es\/wp-json\/wp\/v2\/pages\/6148\/revisions"}],"predecessor-version":[{"id":6221,"href":"https:\/\/colombiacricket.com\/es\/wp-json\/wp\/v2\/pages\/6148\/revisions\/6221"}],"wp:attachment":[{"href":"https:\/\/colombiacricket.com\/es\/wp-json\/wp\/v2\/media?parent=6148"}],"curies":[{"name":"wp","href":"https:\/\/api.w.org\/{rel}","templated":true}]}}